{"id":40,"date":"2018-11-16T07:36:00","date_gmt":"2018-11-16T07:36:00","guid":{"rendered":"http:\/\/fahrradverleih-brigitte.de\/?page_id=40"},"modified":"2025-02-25T06:43:55","modified_gmt":"2025-02-25T05:43:55","slug":"ueber-uns","status":"publish","type":"page","link":"https:\/\/fahrradverleih-brigitte.de\/","title":{"rendered":"\u00dcber uns"},"content":{"rendered":"\n<h1 class=\"wp-block-heading\">Fahrradverleih Brigitte Bad F\u00fcssing<\/h1>\n\n\n\n<h2 class=\"wp-block-heading\">Fahrr\u00e4der, Doppelfahrr\u00e4der, E-bikes Verleih<\/h2>\n\n\n\n<h3 class=\"wp-block-heading\">Zentrale Lage in Bad F\u00fcssing<\/h3>\n\n\n\n<div class=\"wp-block-group\"><div class=\"wp-block-group__inner-container is-layout-flow wp-block-group-is-layout-flow\">\n<div class=\"wp-block-group\"><div class=\"wp-block-group__inner-container is-layout-flow wp-block-group-is-layout-flow\">\n<p>Hallo liebe Besucher, sie finden unseren Fahrradverleih, zentral gelegen, im <a href=\"http:\/\/fahrradverleih-brigitte.de\/?page_id=33\">Herzen Bad F\u00fcssings (hier klicken zum Routenplaner).<\/a><\/p>\n\n\n\n<p>Schriftliche Anfragen k\u00f6nnen Sie gerne unter <a href=\"mailto:info@fahrradverleih-brigitte.de\" target=\"_blank\" rel=\"noreferrer noopener\">info@fahrradverleih-brigitte.de<\/a> stellen.<\/p>\n\n\n\n<p>Telefonisch erreichen Sie uns zu den regul\u00e4ren <a href=\"http:\/\/fahrradverleih-brigitte.de\/?page_id=31\">\u00d6ffnungszeiten<\/a> unter der Tel. <a data-type=\"tel\" data-id=\"tel: +49 8531 22915\" href=\"tel: +49 8531 22915\">+49 8531 22915<\/a><\/p>\n<\/div><\/div>\n<\/div><\/div>\n\n\n\nngg_shortcode_0_placeholder\n\n\n\n<h3 class=\"wp-block-heading\">Gro\u00dfe Auswahl an Leihr\u00e4dern zu g\u00fcnstigen Preisen<\/h3>\n\n\n\n<p>Unser Fahrradverleih bietet neuwertige, gut gewartete 3-, 7- und 21-Gang Fahrr\u00e4der zu <a href=\"http:\/\/fahrradverleih-brigitte.de\/?page_id=29\"><strong>Tiefstpreisen<\/strong> (hier klicken f\u00fcr unsere Preisliste) <\/a>an.<\/p>\n\n\n\n<p>Preis gleichbleibend ob Tiefeinsteiger, mit oder ohne Korb oder sitz- und gabelgefedert.<\/p>\n\n\n\n<p>Wir f\u00fchren auch einige E-Bikes mit 3- oder 7-Gangschaltung.<\/p>\n\n\n\n<p>Reparaturen von Fremdfahrzeugen k\u00f6nnen wir leider nicht anbieten.<\/p>\n\n\n\n<hr class=\"wp-block-separator has-alpha-channel-opacity is-style-wide\"\/>\n\n\n\n<h4 class=\"wp-block-heading has-text-align-center\">Das besondere EXTRA f\u00fcr zwei Personen<\/h4>\n\n\n\n<p>Doppelfahrr\u00e4der f\u00fcr 2 Personen (Sitzposition nebeneinander!) &#8211; hoher Freizeitwert mit Spassfaktor! Nehmen Sie ihren Partner (mit Handicap) einfach mit!<\/p>\n\n\n\n<div class=\"wp-block-buttons is-content-justification-center is-layout-flex wp-container-core-buttons-is-layout-16018d1d wp-block-buttons-is-layout-flex\">\n<div class=\"wp-block-button\"><a class=\"wp-block-button__link has-text-align-center wp-element-button\" href=\"http:\/\/doppelfahrrad.info\/\">Doppelfahrrad Montage &#8211; Bad F\u00fcssing<\/a><\/div>\n<\/div>\n\n\n\n<div style=\"height:38px\" aria-hidden=\"true\" class=\"wp-block-spacer\"><\/div>\n\n\n\n<figure class=\"wp-block-image size-full\"><a href=\"http:\/\/doppelfahrrad.info\/\"><img loading=\"lazy\" decoding=\"async\" width=\"800\" height=\"532\" src=\"http:\/\/fahrradverleih-brigitte.de\/wp-content\/uploads\/2018\/11\/DSC_0427.jpg\" alt=\"\" class=\"wp-image-67\" srcset=\"https:\/\/fahrradverleih-brigitte.de\/wp-content\/uploads\/2018\/11\/DSC_0427.jpg 800w, https:\/\/fahrradverleih-brigitte.de\/wp-content\/uploads\/2018\/11\/DSC_0427-300x200.jpg 300w, https:\/\/fahrradverleih-brigitte.de\/wp-content\/uploads\/2018\/11\/DSC_0427-768x511.jpg 768w\" sizes=\"auto, (max-width: 767px) 89vw, (max-width: 1000px) 54vw, (max-width: 1071px) 543px, 580px\" \/><\/a><figcaption class=\"wp-element-caption\">Doppelfahrrad Montage &#8211; Bad F\u00fcssing<\/figcaption><\/figure>\n\n\n\n<p><a href=\"https:\/\/doppelfahrrad.info\/\"><strong>Aufgrund des gro\u00dfen Interesses an den von uns zur Vermietung angebotenen Doppelfahrr\u00e4dern bieten wir diese nun auch zum Verkauf an.  Wir montieren die R\u00e4der individuell und in enger Absprache mit unseren Kunden an, um ein H\u00f6chstma\u00df an Zufriedenheit zu gew\u00e4hrleisten.<\/strong><\/a><\/p>\n\n\n\n<hr class=\"wp-block-separator has-css-opacity is-style-wide\"\/>\n\n\n<p style=\"text-align: center;\">Fahrrad-Doppelfahrradverleih Brigitte, Birkenallee 3, 94072 Bad F\u00fcssing Tel. <a href=\"tel: +49 8531 22915\">+49 8531\/22915<\/a>, E-mail: <a href=\"mailto:info@fahrradverleih-brigitte.de\">info@fahrradverleih-brigitte.de<\/a><\/p>\n\n\n<p><\/p>\n","protected":false},"excerpt":{"rendered":"<p>Fahrradverleih Brigitte Bad F\u00fcssing Fahrr\u00e4der, Doppelfahrr\u00e4der, E-bikes Verleih Zentrale Lage in Bad F\u00fcssing Hallo liebe Besucher, sie finden unseren Fahrradverleih, zentral gelegen, im Herzen Bad F\u00fcssings (hier klicken zum Routenplaner). Schriftliche Anfragen k\u00f6nnen Sie gerne unter info@fahrradverleih-brigitte.de stellen. Telefonisch erreichen Sie uns zu den regul\u00e4ren \u00d6ffnungszeiten unter der Tel. +49 8531 22915 Gro\u00dfe Auswahl an &hellip; <\/p>\n<p class=\"link-more\"><a href=\"https:\/\/fahrradverleih-brigitte.de\/\" class=\"more-link\"><span class=\"screen-reader-text\">\u201e\u00dcber uns\u201c<\/span> weiterlesen<\/a><\/p>\n","protected":false},"author":1,"featured_media":0,"parent":0,"menu_order":0,"comment_status":"closed","ping_status":"closed","template":"","meta":{"_monsterinsights_skip_tracking":false,"_monsterinsights_sitenote_active":false,"_monsterinsights_sitenote_note":"","_monsterinsights_sitenote_category":0,"ngg_post_thumbnail":0,"footnotes":""},"class_list":["post-40","page","type-page","status-publish","hentry"],"yoast_head":"<!-- This site is optimized with the Yoast SEO plugin v27.5 - https:\/\/yoast.com\/product\/yoast-seo-wordpress\/ -->\n<title>\u00dcber uns - Fahrradverleih Brigitte<\/title>\n<meta name=\"robots\" content=\"index, follow, max-snippet:-1, max-image-preview:large, max-video-preview:-1\" \/>\n<link rel=\"canonical\" href=\"https:\/\/fahrradverleih-brigitte.de\/\" \/>\n<meta property=\"og:locale\" content=\"de_DE\" \/>\n<meta property=\"og:type\" content=\"article\" \/>\n<meta property=\"og:title\" content=\"\u00dcber uns - Fahrradverleih Brigitte\" \/>\n<meta property=\"og:description\" content=\"Fahrradverleih Brigitte Bad F\u00fcssing Fahrr\u00e4der, Doppelfahrr\u00e4der, E-bikes Verleih Zentrale Lage in Bad F\u00fcssing Hallo liebe Besucher, sie finden unseren Fahrradverleih, zentral gelegen, im Herzen Bad F\u00fcssings (hier klicken zum Routenplaner). Schriftliche Anfragen k\u00f6nnen Sie gerne unter info@fahrradverleih-brigitte.de stellen. Telefonisch erreichen Sie uns zu den regul\u00e4ren \u00d6ffnungszeiten unter der Tel. +49 8531 22915 Gro\u00dfe Auswahl an &hellip; \u201e\u00dcber uns\u201c weiterlesen\" \/>\n<meta property=\"og:url\" content=\"https:\/\/fahrradverleih-brigitte.de\/\" \/>\n<meta property=\"og:site_name\" content=\"Fahrradverleih Brigitte\" \/>\n<meta property=\"article:modified_time\" content=\"2025-02-25T05:43:55+00:00\" \/>\n<meta property=\"og:image\" content=\"http:\/\/fahrradverleih-brigitte.de\/wp-content\/uploads\/2018\/11\/DSC_0427.jpg\" \/>\n<meta name=\"twitter:card\" content=\"summary_large_image\" \/>\n<meta name=\"twitter:label1\" content=\"Gesch\u00e4tzte Lesezeit\" \/>\n\t<meta name=\"twitter:data1\" content=\"2\u00a0Minuten\" \/>\n<script type=\"application\/ld+json\" class=\"yoast-schema-graph\">{\"@context\":\"https:\\\/\\\/schema.org\",\"@graph\":[{\"@type\":\"WebPage\",\"@id\":\"https:\\\/\\\/fahrradverleih-brigitte.de\\\/\",\"url\":\"https:\\\/\\\/fahrradverleih-brigitte.de\\\/\",\"name\":\"\u00dcber uns - Fahrradverleih Brigitte\",\"isPartOf\":{\"@id\":\"https:\\\/\\\/fahrradverleih-brigitte.de\\\/#website\"},\"primaryImageOfPage\":{\"@id\":\"https:\\\/\\\/fahrradverleih-brigitte.de\\\/#primaryimage\"},\"image\":{\"@id\":\"https:\\\/\\\/fahrradverleih-brigitte.de\\\/#primaryimage\"},\"thumbnailUrl\":\"http:\\\/\\\/fahrradverleih-brigitte.de\\\/wp-content\\\/uploads\\\/2018\\\/11\\\/DSC_0427.jpg\",\"datePublished\":\"2018-11-16T07:36:00+00:00\",\"dateModified\":\"2025-02-25T05:43:55+00:00\",\"breadcrumb\":{\"@id\":\"https:\\\/\\\/fahrradverleih-brigitte.de\\\/#breadcrumb\"},\"inLanguage\":\"de\",\"potentialAction\":[{\"@type\":\"ReadAction\",\"target\":[\"https:\\\/\\\/fahrradverleih-brigitte.de\\\/\"]}]},{\"@type\":\"ImageObject\",\"inLanguage\":\"de\",\"@id\":\"https:\\\/\\\/fahrradverleih-brigitte.de\\\/#primaryimage\",\"url\":\"https:\\\/\\\/fahrradverleih-brigitte.de\\\/wp-content\\\/uploads\\\/2018\\\/11\\\/DSC_0427.jpg\",\"contentUrl\":\"https:\\\/\\\/fahrradverleih-brigitte.de\\\/wp-content\\\/uploads\\\/2018\\\/11\\\/DSC_0427.jpg\",\"width\":800,\"height\":532,\"caption\":\"Doppelfahrrad Fertigung\"},{\"@type\":\"BreadcrumbList\",\"@id\":\"https:\\\/\\\/fahrradverleih-brigitte.de\\\/#breadcrumb\",\"itemListElement\":[{\"@type\":\"ListItem\",\"position\":1,\"name\":\"Startseite\",\"item\":\"https:\\\/\\\/fahrradverleih-brigitte.de\\\/\"},{\"@type\":\"ListItem\",\"position\":2,\"name\":\"\u00dcber uns\"}]},{\"@type\":\"WebSite\",\"@id\":\"https:\\\/\\\/fahrradverleih-brigitte.de\\\/#website\",\"url\":\"https:\\\/\\\/fahrradverleih-brigitte.de\\\/\",\"name\":\"Fahrradverleih Brigitte - Doppelfahrr\u00e4der - Fahrr\u00e4der zu g\u00fcnstigen Preisen mieten - Bau von individuellen Doppelfahrr\u00e4ndern\",\"description\":\"Fahrr\u00e4der, Doppelfahrr\u00e4der, E-Bikes Verleih\",\"publisher\":{\"@id\":\"https:\\\/\\\/fahrradverleih-brigitte.de\\\/#organization\"},\"potentialAction\":[{\"@type\":\"SearchAction\",\"target\":{\"@type\":\"EntryPoint\",\"urlTemplate\":\"https:\\\/\\\/fahrradverleih-brigitte.de\\\/?s={search_term_string}\"},\"query-input\":{\"@type\":\"PropertyValueSpecification\",\"valueRequired\":true,\"valueName\":\"search_term_string\"}}],\"inLanguage\":\"de\"},{\"@type\":\"Organization\",\"@id\":\"https:\\\/\\\/fahrradverleih-brigitte.de\\\/#organization\",\"name\":\"Fahrradverleih Brigitte - Doppelfahrr\u00e4der\",\"url\":\"https:\\\/\\\/fahrradverleih-brigitte.de\\\/\",\"logo\":{\"@type\":\"ImageObject\",\"inLanguage\":\"de\",\"@id\":\"https:\\\/\\\/fahrradverleih-brigitte.de\\\/#\\\/schema\\\/logo\\\/image\\\/\",\"url\":\"https:\\\/\\\/fahrradverleih-brigitte.de\\\/wp-content\\\/uploads\\\/2018\\\/11\\\/cropped-cropped-bicycle01_rosa.png\",\"contentUrl\":\"https:\\\/\\\/fahrradverleih-brigitte.de\\\/wp-content\\\/uploads\\\/2018\\\/11\\\/cropped-cropped-bicycle01_rosa.png\",\"width\":250,\"height\":250,\"caption\":\"Fahrradverleih Brigitte - Doppelfahrr\u00e4der\"},\"image\":{\"@id\":\"https:\\\/\\\/fahrradverleih-brigitte.de\\\/#\\\/schema\\\/logo\\\/image\\\/\"}}]}<\/script>\n<!-- \/ Yoast SEO plugin. -->","yoast_head_json":{"title":"\u00dcber uns - Fahrradverleih Brigitte","robots":{"index":"index","follow":"follow","max-snippet":"max-snippet:-1","max-image-preview":"max-image-preview:large","max-video-preview":"max-video-preview:-1"},"canonical":"https:\/\/fahrradverleih-brigitte.de\/","og_locale":"de_DE","og_type":"article","og_title":"\u00dcber uns - Fahrradverleih Brigitte","og_description":"Fahrradverleih Brigitte Bad F\u00fcssing Fahrr\u00e4der, Doppelfahrr\u00e4der, E-bikes Verleih Zentrale Lage in Bad F\u00fcssing Hallo liebe Besucher, sie finden unseren Fahrradverleih, zentral gelegen, im Herzen Bad F\u00fcssings (hier klicken zum Routenplaner). Schriftliche Anfragen k\u00f6nnen Sie gerne unter info@fahrradverleih-brigitte.de stellen. Telefonisch erreichen Sie uns zu den regul\u00e4ren \u00d6ffnungszeiten unter der Tel. +49 8531 22915 Gro\u00dfe Auswahl an &hellip; \u201e\u00dcber uns\u201c weiterlesen","og_url":"https:\/\/fahrradverleih-brigitte.de\/","og_site_name":"Fahrradverleih Brigitte","article_modified_time":"2025-02-25T05:43:55+00:00","og_image":[{"url":"http:\/\/fahrradverleih-brigitte.de\/wp-content\/uploads\/2018\/11\/DSC_0427.jpg","type":"","width":"","height":""}],"twitter_card":"summary_large_image","twitter_misc":{"Gesch\u00e4tzte Lesezeit":"2\u00a0Minuten"},"schema":{"@context":"https:\/\/schema.org","@graph":[{"@type":"WebPage","@id":"https:\/\/fahrradverleih-brigitte.de\/","url":"https:\/\/fahrradverleih-brigitte.de\/","name":"\u00dcber uns - Fahrradverleih Brigitte","isPartOf":{"@id":"https:\/\/fahrradverleih-brigitte.de\/#website"},"primaryImageOfPage":{"@id":"https:\/\/fahrradverleih-brigitte.de\/#primaryimage"},"image":{"@id":"https:\/\/fahrradverleih-brigitte.de\/#primaryimage"},"thumbnailUrl":"http:\/\/fahrradverleih-brigitte.de\/wp-content\/uploads\/2018\/11\/DSC_0427.jpg","datePublished":"2018-11-16T07:36:00+00:00","dateModified":"2025-02-25T05:43:55+00:00","breadcrumb":{"@id":"https:\/\/fahrradverleih-brigitte.de\/#breadcrumb"},"inLanguage":"de","potentialAction":[{"@type":"ReadAction","target":["https:\/\/fahrradverleih-brigitte.de\/"]}]},{"@type":"ImageObject","inLanguage":"de","@id":"https:\/\/fahrradverleih-brigitte.de\/#primaryimage","url":"https:\/\/fahrradverleih-brigitte.de\/wp-content\/uploads\/2018\/11\/DSC_0427.jpg","contentUrl":"https:\/\/fahrradverleih-brigitte.de\/wp-content\/uploads\/2018\/11\/DSC_0427.jpg","width":800,"height":532,"caption":"Doppelfahrrad Fertigung"},{"@type":"BreadcrumbList","@id":"https:\/\/fahrradverleih-brigitte.de\/#breadcrumb","itemListElement":[{"@type":"ListItem","position":1,"name":"Startseite","item":"https:\/\/fahrradverleih-brigitte.de\/"},{"@type":"ListItem","position":2,"name":"\u00dcber uns"}]},{"@type":"WebSite","@id":"https:\/\/fahrradverleih-brigitte.de\/#website","url":"https:\/\/fahrradverleih-brigitte.de\/","name":"Fahrradverleih Brigitte - Doppelfahrr\u00e4der - Fahrr\u00e4der zu g\u00fcnstigen Preisen mieten - Bau von individuellen Doppelfahrr\u00e4ndern","description":"Fahrr\u00e4der, Doppelfahrr\u00e4der, E-Bikes Verleih","publisher":{"@id":"https:\/\/fahrradverleih-brigitte.de\/#organization"},"potentialAction":[{"@type":"SearchAction","target":{"@type":"EntryPoint","urlTemplate":"https:\/\/fahrradverleih-brigitte.de\/?s={search_term_string}"},"query-input":{"@type":"PropertyValueSpecification","valueRequired":true,"valueName":"search_term_string"}}],"inLanguage":"de"},{"@type":"Organization","@id":"https:\/\/fahrradverleih-brigitte.de\/#organization","name":"Fahrradverleih Brigitte - Doppelfahrr\u00e4der","url":"https:\/\/fahrradverleih-brigitte.de\/","logo":{"@type":"ImageObject","inLanguage":"de","@id":"https:\/\/fahrradverleih-brigitte.de\/#\/schema\/logo\/image\/","url":"https:\/\/fahrradverleih-brigitte.de\/wp-content\/uploads\/2018\/11\/cropped-cropped-bicycle01_rosa.png","contentUrl":"https:\/\/fahrradverleih-brigitte.de\/wp-content\/uploads\/2018\/11\/cropped-cropped-bicycle01_rosa.png","width":250,"height":250,"caption":"Fahrradverleih Brigitte - Doppelfahrr\u00e4der"},"image":{"@id":"https:\/\/fahrradverleih-brigitte.de\/#\/schema\/logo\/image\/"}}]}},"_links":{"self":[{"href":"https:\/\/fahrradverleih-brigitte.de\/index.php?rest_route=\/wp\/v2\/pages\/40","targetHints":{"allow":["GET"]}}],"collection":[{"href":"https:\/\/fahrradverleih-brigitte.de\/index.php?rest_route=\/wp\/v2\/pages"}],"about":[{"href":"https:\/\/fahrradverleih-brigitte.de\/index.php?rest_route=\/wp\/v2\/types\/page"}],"author":[{"embeddable":true,"href":"https:\/\/fahrradverleih-brigitte.de\/index.php?rest_route=\/wp\/v2\/users\/1"}],"replies":[{"embeddable":true,"href":"https:\/\/fahrradverleih-brigitte.de\/index.php?rest_route=%2Fwp%2Fv2%2Fcomments&post=40"}],"version-history":[{"count":95,"href":"https:\/\/fahrradverleih-brigitte.de\/index.php?rest_route=\/wp\/v2\/pages\/40\/revisions"}],"predecessor-version":[{"id":511,"href":"https:\/\/fahrradverleih-brigitte.de\/index.php?rest_route=\/wp\/v2\/pages\/40\/revisions\/511"}],"wp:attachment":[{"href":"https:\/\/fahrradverleih-brigitte.de\/index.php?rest_route=%2Fwp%2Fv2%2Fmedia&parent=40"}],"curies":[{"name":"wp","href":"https:\/\/api.w.org\/{rel}","templated":true}]}}