{"id":58,"date":"2018-11-16T07:51:38","date_gmt":"2018-11-16T07:51:38","guid":{"rendered":"http:\/\/fahrradverleih-brigitte.de\/?page_id=58"},"modified":"2023-10-29T21:05:48","modified_gmt":"2023-10-29T20:05:48","slug":"paralleltandems","status":"publish","type":"page","link":"https:\/\/fahrradverleih-brigitte.de\/?page_id=58","title":{"rendered":"Doppelfahrr\u00e4der \/ Tandemfahrr\u00e4der"},"content":{"rendered":"\n<div class=\"wp-block-buttons is-content-justification-center is-layout-flex wp-container-core-buttons-is-layout-16018d1d wp-block-buttons-is-layout-flex\">\n<div class=\"wp-block-button\"><a class=\"wp-block-button__link has-text-align-center wp-element-button\" href=\"http:\/\/doppelfahrrad.info\/\">Doppelfahrrad Fertigung &#8211; Bad F\u00fcssing<\/a><\/div>\n<\/div>\n\n\nngg_shortcode_0_placeholder\n\n\n<hr class=\"wp-block-separator has-css-opacity is-style-wide\"\/>\n\n\n\n<p class=\"has-text-align-center\">Fahrrad-Doppelfahrradverleih Brigitte, Birkenallee 3, 94072 Bad F\u00fcssing Tel. <a href=\"tel: +49 8531 22915\" data-type=\"tel\" data-id=\"tel: +49 8531 22915\">+49 8531\/22915<\/a>, E-mail: <a href=\"mailto:info@fahrradverleih-brigitte.de\">info@fahrradverleih-brigitte.de<\/a><\/p>\n","protected":false},"excerpt":{"rendered":"<p>Fahrrad-Doppelfahrradverleih Brigitte, Birkenallee 3, 94072 Bad F\u00fcssing Tel. +49 8531\/22915, E-mail: info@fahrradverleih-brigitte.de<\/p>\n","protected":false},"author":1,"featured_media":0,"parent":0,"menu_order":0,"comment_status":"closed","ping_status":"closed","template":"","meta":{"_monsterinsights_skip_tracking":false,"_monsterinsights_sitenote_active":false,"_monsterinsights_sitenote_note":"","_monsterinsights_sitenote_category":0,"ngg_post_thumbnail":0,"footnotes":""},"class_list":["post-58","page","type-page","status-publish","hentry"],"yoast_head":"<!-- This site is optimized with the Yoast SEO plugin v27.4 - https:\/\/yoast.com\/product\/yoast-seo-wordpress\/ -->\n<title>Doppelfahrr\u00e4der \/ Tandemfahrr\u00e4der - Fahrradverleih Brigitte<\/title>\n<meta name=\"robots\" content=\"index, follow, max-snippet:-1, max-image-preview:large, max-video-preview:-1\" \/>\n<link rel=\"canonical\" href=\"https:\/\/fahrradverleih-brigitte.de\/?page_id=58\" \/>\n<meta property=\"og:locale\" content=\"de_DE\" \/>\n<meta property=\"og:type\" content=\"article\" \/>\n<meta property=\"og:title\" content=\"Doppelfahrr\u00e4der \/ Tandemfahrr\u00e4der - Fahrradverleih Brigitte\" \/>\n<meta property=\"og:description\" content=\"Fahrrad-Doppelfahrradverleih Brigitte, Birkenallee 3, 94072 Bad F\u00fcssing Tel. +49 8531\/22915, E-mail: info@fahrradverleih-brigitte.de\" \/>\n<meta property=\"og:url\" content=\"https:\/\/fahrradverleih-brigitte.de\/?page_id=58\" \/>\n<meta property=\"og:site_name\" content=\"Fahrradverleih Brigitte\" \/>\n<meta property=\"article:modified_time\" content=\"2023-10-29T20:05:48+00:00\" \/>\n<meta name=\"twitter:card\" content=\"summary_large_image\" \/>\n<meta name=\"twitter:label1\" content=\"Gesch\u00e4tzte Lesezeit\" \/>\n\t<meta name=\"twitter:data1\" content=\"1\u00a0Minute\" \/>\n<script type=\"application\/ld+json\" class=\"yoast-schema-graph\">{\"@context\":\"https:\\\/\\\/schema.org\",\"@graph\":[{\"@type\":\"WebPage\",\"@id\":\"https:\\\/\\\/fahrradverleih-brigitte.de\\\/?page_id=58\",\"url\":\"https:\\\/\\\/fahrradverleih-brigitte.de\\\/?page_id=58\",\"name\":\"Doppelfahrr\u00e4der \\\/ Tandemfahrr\u00e4der - Fahrradverleih Brigitte\",\"isPartOf\":{\"@id\":\"https:\\\/\\\/fahrradverleih-brigitte.de\\\/#website\"},\"datePublished\":\"2018-11-16T07:51:38+00:00\",\"dateModified\":\"2023-10-29T20:05:48+00:00\",\"breadcrumb\":{\"@id\":\"https:\\\/\\\/fahrradverleih-brigitte.de\\\/?page_id=58#breadcrumb\"},\"inLanguage\":\"de\",\"potentialAction\":[{\"@type\":\"ReadAction\",\"target\":[\"https:\\\/\\\/fahrradverleih-brigitte.de\\\/?page_id=58\"]}]},{\"@type\":\"BreadcrumbList\",\"@id\":\"https:\\\/\\\/fahrradverleih-brigitte.de\\\/?page_id=58#breadcrumb\",\"itemListElement\":[{\"@type\":\"ListItem\",\"position\":1,\"name\":\"Startseite\",\"item\":\"https:\\\/\\\/fahrradverleih-brigitte.de\\\/\"},{\"@type\":\"ListItem\",\"position\":2,\"name\":\"Doppelfahrr\u00e4der \\\/ Tandemfahrr\u00e4der\"}]},{\"@type\":\"WebSite\",\"@id\":\"https:\\\/\\\/fahrradverleih-brigitte.de\\\/#website\",\"url\":\"https:\\\/\\\/fahrradverleih-brigitte.de\\\/\",\"name\":\"Fahrradverleih Brigitte - Doppelfahrr\u00e4der - Fahrr\u00e4der zu g\u00fcnstigen Preisen mieten - Bau von individuellen Doppelfahrr\u00e4ndern\",\"description\":\"Fahrr\u00e4der, Doppelfahrr\u00e4der, E-Bikes Verleih\",\"publisher\":{\"@id\":\"https:\\\/\\\/fahrradverleih-brigitte.de\\\/#organization\"},\"potentialAction\":[{\"@type\":\"SearchAction\",\"target\":{\"@type\":\"EntryPoint\",\"urlTemplate\":\"https:\\\/\\\/fahrradverleih-brigitte.de\\\/?s={search_term_string}\"},\"query-input\":{\"@type\":\"PropertyValueSpecification\",\"valueRequired\":true,\"valueName\":\"search_term_string\"}}],\"inLanguage\":\"de\"},{\"@type\":\"Organization\",\"@id\":\"https:\\\/\\\/fahrradverleih-brigitte.de\\\/#organization\",\"name\":\"Fahrradverleih Brigitte - Doppelfahrr\u00e4der\",\"url\":\"https:\\\/\\\/fahrradverleih-brigitte.de\\\/\",\"logo\":{\"@type\":\"ImageObject\",\"inLanguage\":\"de\",\"@id\":\"https:\\\/\\\/fahrradverleih-brigitte.de\\\/#\\\/schema\\\/logo\\\/image\\\/\",\"url\":\"https:\\\/\\\/fahrradverleih-brigitte.de\\\/wp-content\\\/uploads\\\/2018\\\/11\\\/cropped-cropped-bicycle01_rosa.png\",\"contentUrl\":\"https:\\\/\\\/fahrradverleih-brigitte.de\\\/wp-content\\\/uploads\\\/2018\\\/11\\\/cropped-cropped-bicycle01_rosa.png\",\"width\":250,\"height\":250,\"caption\":\"Fahrradverleih Brigitte - Doppelfahrr\u00e4der\"},\"image\":{\"@id\":\"https:\\\/\\\/fahrradverleih-brigitte.de\\\/#\\\/schema\\\/logo\\\/image\\\/\"}}]}<\/script>\n<!-- \/ Yoast SEO plugin. -->","yoast_head_json":{"title":"Doppelfahrr\u00e4der \/ Tandemfahrr\u00e4der - Fahrradverleih Brigitte","robots":{"index":"index","follow":"follow","max-snippet":"max-snippet:-1","max-image-preview":"max-image-preview:large","max-video-preview":"max-video-preview:-1"},"canonical":"https:\/\/fahrradverleih-brigitte.de\/?page_id=58","og_locale":"de_DE","og_type":"article","og_title":"Doppelfahrr\u00e4der \/ Tandemfahrr\u00e4der - Fahrradverleih Brigitte","og_description":"Fahrrad-Doppelfahrradverleih Brigitte, Birkenallee 3, 94072 Bad F\u00fcssing Tel. +49 8531\/22915, E-mail: info@fahrradverleih-brigitte.de","og_url":"https:\/\/fahrradverleih-brigitte.de\/?page_id=58","og_site_name":"Fahrradverleih Brigitte","article_modified_time":"2023-10-29T20:05:48+00:00","twitter_card":"summary_large_image","twitter_misc":{"Gesch\u00e4tzte Lesezeit":"1\u00a0Minute"},"schema":{"@context":"https:\/\/schema.org","@graph":[{"@type":"WebPage","@id":"https:\/\/fahrradverleih-brigitte.de\/?page_id=58","url":"https:\/\/fahrradverleih-brigitte.de\/?page_id=58","name":"Doppelfahrr\u00e4der \/ Tandemfahrr\u00e4der - Fahrradverleih Brigitte","isPartOf":{"@id":"https:\/\/fahrradverleih-brigitte.de\/#website"},"datePublished":"2018-11-16T07:51:38+00:00","dateModified":"2023-10-29T20:05:48+00:00","breadcrumb":{"@id":"https:\/\/fahrradverleih-brigitte.de\/?page_id=58#breadcrumb"},"inLanguage":"de","potentialAction":[{"@type":"ReadAction","target":["https:\/\/fahrradverleih-brigitte.de\/?page_id=58"]}]},{"@type":"BreadcrumbList","@id":"https:\/\/fahrradverleih-brigitte.de\/?page_id=58#breadcrumb","itemListElement":[{"@type":"ListItem","position":1,"name":"Startseite","item":"https:\/\/fahrradverleih-brigitte.de\/"},{"@type":"ListItem","position":2,"name":"Doppelfahrr\u00e4der \/ Tandemfahrr\u00e4der"}]},{"@type":"WebSite","@id":"https:\/\/fahrradverleih-brigitte.de\/#website","url":"https:\/\/fahrradverleih-brigitte.de\/","name":"Fahrradverleih Brigitte - Doppelfahrr\u00e4der - Fahrr\u00e4der zu g\u00fcnstigen Preisen mieten - Bau von individuellen Doppelfahrr\u00e4ndern","description":"Fahrr\u00e4der, Doppelfahrr\u00e4der, E-Bikes Verleih","publisher":{"@id":"https:\/\/fahrradverleih-brigitte.de\/#organization"},"potentialAction":[{"@type":"SearchAction","target":{"@type":"EntryPoint","urlTemplate":"https:\/\/fahrradverleih-brigitte.de\/?s={search_term_string}"},"query-input":{"@type":"PropertyValueSpecification","valueRequired":true,"valueName":"search_term_string"}}],"inLanguage":"de"},{"@type":"Organization","@id":"https:\/\/fahrradverleih-brigitte.de\/#organization","name":"Fahrradverleih Brigitte - Doppelfahrr\u00e4der","url":"https:\/\/fahrradverleih-brigitte.de\/","logo":{"@type":"ImageObject","inLanguage":"de","@id":"https:\/\/fahrradverleih-brigitte.de\/#\/schema\/logo\/image\/","url":"https:\/\/fahrradverleih-brigitte.de\/wp-content\/uploads\/2018\/11\/cropped-cropped-bicycle01_rosa.png","contentUrl":"https:\/\/fahrradverleih-brigitte.de\/wp-content\/uploads\/2018\/11\/cropped-cropped-bicycle01_rosa.png","width":250,"height":250,"caption":"Fahrradverleih Brigitte - Doppelfahrr\u00e4der"},"image":{"@id":"https:\/\/fahrradverleih-brigitte.de\/#\/schema\/logo\/image\/"}}]}},"_links":{"self":[{"href":"https:\/\/fahrradverleih-brigitte.de\/index.php?rest_route=\/wp\/v2\/pages\/58","targetHints":{"allow":["GET"]}}],"collection":[{"href":"https:\/\/fahrradverleih-brigitte.de\/index.php?rest_route=\/wp\/v2\/pages"}],"about":[{"href":"https:\/\/fahrradverleih-brigitte.de\/index.php?rest_route=\/wp\/v2\/types\/page"}],"author":[{"embeddable":true,"href":"https:\/\/fahrradverleih-brigitte.de\/index.php?rest_route=\/wp\/v2\/users\/1"}],"replies":[{"embeddable":true,"href":"https:\/\/fahrradverleih-brigitte.de\/index.php?rest_route=%2Fwp%2Fv2%2Fcomments&post=58"}],"version-history":[{"count":11,"href":"https:\/\/fahrradverleih-brigitte.de\/index.php?rest_route=\/wp\/v2\/pages\/58\/revisions"}],"predecessor-version":[{"id":421,"href":"https:\/\/fahrradverleih-brigitte.de\/index.php?rest_route=\/wp\/v2\/pages\/58\/revisions\/421"}],"wp:attachment":[{"href":"https:\/\/fahrradverleih-brigitte.de\/index.php?rest_route=%2Fwp%2Fv2%2Fmedia&parent=58"}],"curies":[{"name":"wp","href":"https:\/\/api.w.org\/{rel}","templated":true}]}}